{"id":366,"date":"2019-03-11T22:42:12","date_gmt":"2019-03-11T22:42:12","guid":{"rendered":"http:\/\/directorioforense.com\/?page_id=366"},"modified":"2019-03-11T23:18:20","modified_gmt":"2019-03-11T23:18:20","slug":"nuevo-curso-online-en-espanol-gratuito-de-ciencias-forenses","status":"publish","type":"page","link":"https:\/\/directorioforense.com\/index.php\/nuevo-curso-online-en-espanol-gratuito-de-ciencias-forenses\/","title":{"rendered":"Nuevo curso online en espa\u00f1ol gratuito de ciencias forenses"},"content":{"rendered":"<p><img loading=\"lazy\" decoding=\"async\" class=\"aligncenter wp-image-373 size-full\" src=\"http:\/\/directorioforense.com\/wp-content\/uploads\/2019\/03\/curso-online-gratis-ciencias-forenses-criminalistica-e1552167817820.jpg\" alt=\"\" width=\"698\" height=\"346\" srcset=\"https:\/\/directorioforense.com\/wp-content\/uploads\/2019\/03\/curso-online-gratis-ciencias-forenses-criminalistica-e1552167817820.jpg 698w, https:\/\/directorioforense.com\/wp-content\/uploads\/2019\/03\/curso-online-gratis-ciencias-forenses-criminalistica-e1552167817820-300x149.jpg 300w, https:\/\/directorioforense.com\/wp-content\/uploads\/2019\/03\/curso-online-gratis-ciencias-forenses-criminalistica-e1552167817820-110x55.jpg 110w, https:\/\/directorioforense.com\/wp-content\/uploads\/2019\/03\/curso-online-gratis-ciencias-forenses-criminalistica-e1552167817820-420x208.jpg 420w\" sizes=\"auto, (max-width: 698px) 100vw, 698px\" \/><\/p>\n<p>Nuevo curso introductorio en l\u00ednea, con examen y certificado, en espa\u00f1ol y gratuito sobre ciencias forenses. El contenido del mismo est\u00e1 dividido en 4 m\u00f3dulos:<\/p>\n<ul>\n<li>\n<h5>Lofoscop\u00eda<\/h5>\n<\/li>\n<li>\n<h5>Bal\u00edstica Forense<\/h5>\n<\/li>\n<li>\n<h5>Investigaci\u00f3n de homicidios<\/h5>\n<\/li>\n<li>\n<h5>Inspeccion ocular (escena del crimen)<\/h5>\n<\/li>\n<\/ul>\n<p>Deber\u00e1 ir superando los m\u00f3dulos (4 en total), y una vez completada la lectura de su contenido (incluyendo multimedia), habr\u00e1 en la siguiente instancia del m\u00f3dulo IV un examen m\u00faltiple choice que deber\u00e1 aprobado para obtener el certificado por e-mail.<\/p>\n<p><img loading=\"lazy\" decoding=\"async\" class=\"alignnone size-full wp-image-374\" src=\"http:\/\/directorioforense.com\/wp-content\/uploads\/2019\/03\/curso-forense-investigacion-homicidios-criminal.jpg\" alt=\"\" width=\"1366\" height=\"700\" srcset=\"https:\/\/directorioforense.com\/wp-content\/uploads\/2019\/03\/curso-forense-investigacion-homicidios-criminal.jpg 1366w, https:\/\/directorioforense.com\/wp-content\/uploads\/2019\/03\/curso-forense-investigacion-homicidios-criminal-300x154.jpg 300w, https:\/\/directorioforense.com\/wp-content\/uploads\/2019\/03\/curso-forense-investigacion-homicidios-criminal-768x394.jpg 768w, https:\/\/directorioforense.com\/wp-content\/uploads\/2019\/03\/curso-forense-investigacion-homicidios-criminal-1024x525.jpg 1024w, https:\/\/directorioforense.com\/wp-content\/uploads\/2019\/03\/curso-forense-investigacion-homicidios-criminal-110x56.jpg 110w, https:\/\/directorioforense.com\/wp-content\/uploads\/2019\/03\/curso-forense-investigacion-homicidios-criminal-420x215.jpg 420w, https:\/\/directorioforense.com\/wp-content\/uploads\/2019\/03\/curso-forense-investigacion-homicidios-criminal-770x395.jpg 770w\" sizes=\"auto, (max-width: 1366px) 100vw, 1366px\" \/><\/p>\n<p>Algunos de los temas que se desarrollan son:<\/p>\n<ul>\n<li>Clasificaci\u00f3n y estudios de lofogramas y sistemas digitales<\/li>\n<li>Tipos de homicidios: sexuales, organizados, m\u00faltiples (en serie, fren\u00e9tico, en masa), rituales, desconocidos, terrorismo, etc.<\/li>\n<li>Bal\u00edstica forense y policial. Divisi\u00f3n. Identificaci\u00f3n bal\u00edstica.<\/li>\n<li>Conceptos de armas y armamento. Tipos de armas de fuego.<\/li>\n<li>T\u00e9cnicas de inspecci\u00f3n ocular. Pilares y objetivos.<\/li>\n<\/ul>\n<p>&nbsp;<\/p>\n<h5>A continuaci\u00f3n podr\u00e1 comenzar el curso online:<\/h5>\n<p style=\"text-align: center;\"><a class=\"maxbutton-1 maxbutton maxbutton-comenzar-curso\" href=\"http:\/\/directorioforense.com\/index.php\/lofoscopia\/\"><span class='mb-text'>COMENZAR CURSO<\/span><\/a><\/p>\n","protected":false},"excerpt":{"rendered":"<p>Nuevo curso introductorio en l\u00ednea, con examen y certificado, en espa\u00f1ol y gratuito sobre ciencias forenses. El contenido del mismo est\u00e1 dividido en 4 m\u00f3dulos: Lofoscop\u00eda Bal\u00edstica Forense Investigaci\u00f3n de homicidios Inspeccion ocular (escena del crimen) Deber\u00e1 ir superando los m\u00f3dulos (4 en total), y una vez completada la lectura de su contenido (incluyendo multimedia), [&hellip;]<\/p>\n","protected":false},"author":1,"featured_media":0,"parent":0,"menu_order":0,"comment_status":"closed","ping_status":"closed","template":"","meta":{"_monsterinsights_skip_tracking":false,"_monsterinsights_sitenote_active":false,"_monsterinsights_sitenote_note":"","_monsterinsights_sitenote_category":0,"footnotes":""},"class_list":["post-366","page","type-page","status-publish","hentry"],"aioseo_notices":[],"_links":{"self":[{"href":"https:\/\/directorioforense.com\/index.php\/wp-json\/wp\/v2\/pages\/366","targetHints":{"allow":["GET"]}}],"collection":[{"href":"https:\/\/directorioforense.com\/index.php\/wp-json\/wp\/v2\/pages"}],"about":[{"href":"https:\/\/directorioforense.com\/index.php\/wp-json\/wp\/v2\/types\/page"}],"author":[{"embeddable":true,"href":"https:\/\/directorioforense.com\/index.php\/wp-json\/wp\/v2\/users\/1"}],"replies":[{"embeddable":true,"href":"https:\/\/directorioforense.com\/index.php\/wp-json\/wp\/v2\/comments?post=366"}],"version-history":[{"count":8,"href":"https:\/\/directorioforense.com\/index.php\/wp-json\/wp\/v2\/pages\/366\/revisions"}],"predecessor-version":[{"id":392,"href":"https:\/\/directorioforense.com\/index.php\/wp-json\/wp\/v2\/pages\/366\/revisions\/392"}],"wp:attachment":[{"href":"https:\/\/directorioforense.com\/index.php\/wp-json\/wp\/v2\/media?parent=366"}],"curies":[{"name":"wp","href":"https:\/\/api.w.org\/{rel}","templated":true}]}}